{"id":21,"date":"2025-12-02T15:27:55","date_gmt":"2025-12-02T15:27:55","guid":{"rendered":"https:\/\/hispafest.ee\/?page_id=21"},"modified":"2026-02-19T09:31:12","modified_gmt":"2026-02-19T09:31:12","slug":"participa","status":"publish","type":"page","link":"https:\/\/hispafest.ee\/et\/participa\/","title":{"rendered":"Formulario de participaci\u00f3n"},"content":{"rendered":"\t\t<div data-elementor-type=\"wp-page\" data-elementor-id=\"21\" class=\"elementor elementor-21\" data-elementor-post-type=\"page\">\n\t\t\t\t<div class=\"elementor-element elementor-element-67c72e8 e-flex e-con-boxed e-con e-parent\" data-id=\"67c72e8\" data-element_type=\"container\" data-e-type=\"container\">\n\t\t\t\t\t<div class=\"e-con-inner\">\n\t\t<div class=\"elementor-element elementor-element-5574ab9 e-con-full e-flex e-con e-child\" data-id=\"5574ab9\" data-element_type=\"container\" data-e-type=\"container\">\n\t\t\t\t<div class=\"elementor-element elementor-element-dae4c50 elementor-widget elementor-widget-heading\" data-id=\"dae4c50\" data-element_type=\"widget\" data-e-type=\"widget\" data-widget_type=\"heading.default\">\n\t\t\t\t\t<h2 class=\"elementor-heading-title elementor-size-default\">Formulario de Participaci\u00f3n en el concurso de v\u00eddeos<\/h2>\t\t\t\t<\/div>\n\t\t\t\t<div class=\"elementor-element elementor-element-cec3d1d elementor-button-align-start elementor-widget elementor-widget-form\" data-id=\"cec3d1d\" data-element_type=\"widget\" data-e-type=\"widget\" data-settings=\"{&quot;step_next_label&quot;:&quot;Siguiente&quot;,&quot;step_previous_label&quot;:&quot;Anterior&quot;,&quot;button_width&quot;:&quot;100&quot;,&quot;step_type&quot;:&quot;number_text&quot;,&quot;step_icon_shape&quot;:&quot;circle&quot;}\" data-widget_type=\"form.default\">\n\t\t\t\t\t\t\t<form class=\"elementor-form\" method=\"post\" name=\"Nuevo formulario\" aria-label=\"Nuevo formulario\">\n\t\t\t<input type=\"hidden\" name=\"post_id\" value=\"21\"\/>\n\t\t\t<input type=\"hidden\" name=\"form_id\" value=\"cec3d1d\"\/>\n\t\t\t<input type=\"hidden\" name=\"referer_title\" value=\"Formulario de participaci\u00f3n - Hispafest\" \/>\n\n\t\t\t\t\t\t\t<input type=\"hidden\" name=\"queried_id\" value=\"21\"\/>\n\t\t\t\n\t\t\t<div class=\"elementor-form-fields-wrapper elementor-labels-\">\n\t\t\t\t\t\t\t\t<div class=\"elementor-field-type-html elementor-field-group elementor-column elementor-field-group-field_f41e1c2 elementor-col-100\">\n\t\t\t\t\t\t\t\t\t<\/div>\n\t\t\t\t\t\t\t\t<div class=\"elementor-field-type-text elementor-field-group elementor-column elementor-field-group-name elementor-col-100 elementor-field-required\">\n\t\t\t\t\t\t\t\t\t\t\t\t<label for=\"form-field-name\" class=\"elementor-field-label elementor-screen-only\">\n\t\t\t\t\t\t\t\tCentro educativo\t\t\t\t\t\t\t<\/label>\n\t\t\t\t\t\t\t\t\t\t\t\t\t\t<input size=\"1\" type=\"text\" name=\"form_fields[name]\" id=\"form-field-name\" class=\"elementor-field elementor-size-lg  elementor-field-textual\" placeholder=\"Nombre del centro educativo\" required=\"required\">\n\t\t\t\t\t\t\t\t\t\t\t<\/div>\n\t\t\t\t\t\t\t\t<div class=\"elementor-field-type-text elementor-field-group elementor-column elementor-field-group-field_8ba0d00 elementor-col-100 elementor-field-required\">\n\t\t\t\t\t\t\t\t\t\t\t\t<label for=\"form-field-field_8ba0d00\" class=\"elementor-field-label elementor-screen-only\">\n\t\t\t\t\t\t\t\tCiudad\t\t\t\t\t\t\t<\/label>\n\t\t\t\t\t\t\t\t\t\t\t\t\t\t<input size=\"1\" type=\"text\" name=\"form_fields[field_8ba0d00]\" id=\"form-field-field_8ba0d00\" class=\"elementor-field elementor-size-lg  elementor-field-textual\" placeholder=\"Ciudad\" required=\"required\">\n\t\t\t\t\t\t\t\t\t\t\t<\/div>\n\t\t\t\t\t\t\t\t<div class=\"elementor-field-type-text elementor-field-group elementor-column elementor-field-group-message elementor-col-100 elementor-field-required\">\n\t\t\t\t\t\t\t\t\t\t\t\t<label for=\"form-field-message\" class=\"elementor-field-label elementor-screen-only\">\n\t\t\t\t\t\t\t\tDocente responsable\t\t\t\t\t\t\t<\/label>\n\t\t\t\t\t\t\t\t\t\t\t\t\t\t<input size=\"1\" type=\"text\" name=\"form_fields[message]\" id=\"form-field-message\" class=\"elementor-field elementor-size-lg  elementor-field-textual\" placeholder=\"Nombre y apellidos del docente responsable\" required=\"required\">\n\t\t\t\t\t\t\t\t\t\t\t<\/div>\n\t\t\t\t\t\t\t\t<div class=\"elementor-field-type-email elementor-field-group elementor-column elementor-field-group-field_55a5ed6 elementor-col-100 elementor-field-required\">\n\t\t\t\t\t\t\t\t\t\t\t\t<label for=\"form-field-field_55a5ed6\" class=\"elementor-field-label elementor-screen-only\">\n\t\t\t\t\t\t\t\tCorreo electr\u00f3nico del docente responsable\t\t\t\t\t\t\t<\/label>\n\t\t\t\t\t\t\t\t\t\t\t\t\t\t<input size=\"1\" type=\"email\" name=\"form_fields[field_55a5ed6]\" id=\"form-field-field_55a5ed6\" class=\"elementor-field elementor-size-lg  elementor-field-textual\" placeholder=\"Correo electr\u00f3nico del docente responsable\" required=\"required\">\n\t\t\t\t\t\t\t\t\t\t\t<\/div>\n\t\t\t\t\t\t\t\t<div class=\"elementor-field-type-text elementor-field-group elementor-column elementor-field-group-field_2570016 elementor-col-100 elementor-field-required\">\n\t\t\t\t\t\t\t\t\t\t\t\t<label for=\"form-field-field_2570016\" class=\"elementor-field-label elementor-screen-only\">\n\t\t\t\t\t\t\t\tEnlace del v\u00eddeo\t\t\t\t\t\t\t<\/label>\n\t\t\t\t\t\t\t\t\t\t\t\t\t\t<input size=\"1\" type=\"text\" name=\"form_fields[field_2570016]\" id=\"form-field-field_2570016\" class=\"elementor-field elementor-size-lg  elementor-field-textual\" placeholder=\"Indicar enlace del v\u00eddeo (Youtube, Vimeo, drive, etc...)\" required=\"required\">\n\t\t\t\t\t\t\t\t\t\t\t<\/div>\n\t\t\t\t\t\t\t\t<div class=\"elementor-field-type-html elementor-field-group elementor-column elementor-field-group-field_e15ff76 elementor-col-100\">\n\t\t\t\t\t<h2>Declaraciones esenciales<\/h2> \t\t\t\t<\/div>\n\t\t\t\t\t\t\t\t<div class=\"elementor-field-type-acceptance elementor-field-group elementor-column elementor-field-group-field_99f5385 elementor-col-100 elementor-field-required\">\n\t\t\t\t\t\t\t\t\t\t\t\t<label for=\"form-field-field_99f5385\" class=\"elementor-field-label elementor-screen-only\">\n\t\t\t\t\t\t\t\tV\u00eddeo original\t\t\t\t\t\t\t<\/label>\n\t\t\t\t\t\t\t\t<div class=\"elementor-field-subgroup\">\n\t\t\t<span class=\"elementor-field-option\">\n\t\t\t\t<input type=\"checkbox\" name=\"form_fields[field_99f5385]\" id=\"form-field-field_99f5385\" class=\"elementor-field elementor-size-lg  elementor-acceptance-field\" required=\"required\">\n\t\t\t\t<label for=\"form-field-field_99f5385\">El v\u00eddeo es original, est\u00e1 \u00edntegramente en espa\u00f1ol, trata el ODS 5 (Igualdad de g\u00e9nero), no contiene contenido ofensivo ni material con derechos no autorizados<\/label>\t\t\t<\/span>\n\t\t<\/div>\n\t\t\t\t\t\t<\/div>\n\t\t\t\t\t\t\t\t<div class=\"elementor-field-type-acceptance elementor-field-group elementor-column elementor-field-group-field_c3fd158 elementor-col-100 elementor-field-required\">\n\t\t\t\t\t\t\t\t\t\t\t\t<label for=\"form-field-field_c3fd158\" class=\"elementor-field-label elementor-screen-only\">\n\t\t\t\t\t\t\t\tAutorizaci\u00f3n del centro\t\t\t\t\t\t\t<\/label>\n\t\t\t\t\t\t\t\t<div class=\"elementor-field-subgroup\">\n\t\t\t<span class=\"elementor-field-option\">\n\t\t\t\t<input type=\"checkbox\" name=\"form_fields[field_c3fd158]\" id=\"form-field-field_c3fd158\" class=\"elementor-field elementor-size-lg  elementor-acceptance-field\" required=\"required\">\n\t\t\t\t<label for=\"form-field-field_c3fd158\">El centro autoriza la participaci\u00f3n, cede los derechos de difusi\u00f3n del v\u00eddeo y garantiza los consentimientos de todos los participantes.<\/label>\t\t\t<\/span>\n\t\t<\/div>\n\t\t\t\t\t\t<\/div>\n\t\t\t\t\t\t\t\t<div class=\"elementor-field-type-acceptance elementor-field-group elementor-column elementor-field-group-field_f4f13b3 elementor-col-100 elementor-field-required\">\n\t\t\t\t\t\t\t\t\t\t\t\t<label for=\"form-field-field_f4f13b3\" class=\"elementor-field-label elementor-screen-only\">\n\t\t\t\t\t\t\t\tBases\t\t\t\t\t\t\t<\/label>\n\t\t\t\t\t\t\t\t<div class=\"elementor-field-subgroup\">\n\t\t\t<span class=\"elementor-field-option\">\n\t\t\t\t<input type=\"checkbox\" name=\"form_fields[field_f4f13b3]\" id=\"form-field-field_f4f13b3\" class=\"elementor-field elementor-size-lg  elementor-acceptance-field\" required=\"required\">\n\t\t\t\t<label for=\"form-field-field_f4f13b3\">Aceptamos las bases completas del Concurso HispaFest 2026<\/label>\t\t\t<\/span>\n\t\t<\/div>\n\t\t\t\t\t\t<\/div>\n\t\t\t\t\t\t\t\t<div class=\"elementor-field-group elementor-column elementor-field-type-submit elementor-col-100 e-form__buttons\">\n\t\t\t\t\t<button class=\"elementor-button elementor-size-sm\" type=\"submit\">\n\t\t\t\t\t\t<span class=\"elementor-button-content-wrapper\">\n\t\t\t\t\t\t\t\t\t\t\t\t\t\t\t\t\t\t\t\t\t\t<span class=\"elementor-button-text\">Enviar participaci\u00f3n<\/span>\n\t\t\t\t\t\t\t\t\t\t\t\t\t<\/span>\n\t\t\t\t\t<\/button>\n\t\t\t\t<\/div>\n\t\t\t<\/div>\n\t\t<\/form>\n\t\t\t\t\t\t<\/div>\n\t\t\t\t<\/div>\n\t\t<div class=\"elementor-element elementor-element-f8febe4 e-con-full e-flex e-con e-child\" data-id=\"f8febe4\" data-element_type=\"container\" data-e-type=\"container\">\n\t\t<div class=\"elementor-element elementor-element-b864576 e-con-full e-flex e-con e-child\" data-id=\"b864576\" data-element_type=\"container\" data-e-type=\"container\" data-settings=\"{&quot;background_background&quot;:&quot;classic&quot;}\">\n\t\t\t\t<div class=\"elementor-element elementor-element-c4269a7 elementor-widget elementor-widget-heading\" data-id=\"c4269a7\" data-element_type=\"widget\" data-e-type=\"widget\" data-widget_type=\"heading.default\">\n\t\t\t\t\t<h2 class=\"elementor-heading-title elementor-size-default\">Plazo de inscripci\u00f3n<\/h2>\t\t\t\t<\/div>\n\t\t\t\t<div class=\"elementor-element elementor-element-0f2396e elementor-widget elementor-widget-text-editor\" data-id=\"0f2396e\" data-element_type=\"widget\" data-e-type=\"widget\" data-widget_type=\"text-editor.default\">\n\t\t\t\t\t\t\t\t\t<p>Re\u00fanete con tus amigos, piensa una idea creativa sobre el ODS 5: \u201cIgualdad de g\u00e9nero\u201d, y graba un v\u00eddeo divertido y educativo en espa\u00f1ol. El plazo de inscripci\u00f3n ya est\u00e1 abierto, as\u00ed que recuerda que tu centro educativo debe inscribirse antes del 24 de febrero de 2026 para poder concursar.<\/p>\t\t\t\t\t\t\t\t<\/div>\n\t\t\t\t<\/div>\n\t\t<div class=\"elementor-element elementor-element-caad1ec e-con-full e-flex e-con e-child\" data-id=\"caad1ec\" data-element_type=\"container\" data-e-type=\"container\" data-settings=\"{&quot;background_background&quot;:&quot;classic&quot;}\">\n\t\t\t\t<div class=\"elementor-element elementor-element-acec62b elementor-widget elementor-widget-heading\" data-id=\"acec62b\" data-element_type=\"widget\" data-e-type=\"widget\" data-widget_type=\"heading.default\">\n\t\t\t\t\t<h2 class=\"elementor-heading-title elementor-size-default\">Plazo de entrega<\/h2>\t\t\t\t<\/div>\n\t\t\t\t<div class=\"elementor-element elementor-element-ad28e79 elementor-widget elementor-widget-text-editor\" data-id=\"ad28e79\" data-element_type=\"widget\" data-e-type=\"widget\" data-widget_type=\"text-editor.default\">\n\t\t\t\t\t\t\t\t\tCuando tu v\u00eddeo sobre \u201cIgualdad de g\u00e9nero\u201d est\u00e9 listo, aseg\u00farate que tu colegio lo env\u00eda en plazo. La fecha l\u00edmite de entrega es el 24 de febrero de 2026. \u00a1Que no se te pase el plazo de entrega!\t\t\t\t\t\t\t\t<\/div>\n\t\t\t\t<\/div>\n\t\t<div class=\"elementor-element elementor-element-c7de512 e-con-full e-flex e-con e-child\" data-id=\"c7de512\" data-element_type=\"container\" data-e-type=\"container\" data-settings=\"{&quot;background_background&quot;:&quot;classic&quot;}\">\n\t\t\t\t<div class=\"elementor-element elementor-element-3dcf41b elementor-widget elementor-widget-heading\" data-id=\"3dcf41b\" data-element_type=\"widget\" data-e-type=\"widget\" data-widget_type=\"heading.default\">\n\t\t\t\t\t<h2 class=\"elementor-heading-title elementor-size-default\">Bases del concurso<\/h2>\t\t\t\t<\/div>\n\t\t\t\t<div class=\"elementor-element elementor-element-d5e4a45 elementor-widget elementor-widget-text-editor\" data-id=\"d5e4a45\" data-element_type=\"widget\" data-e-type=\"widget\" data-widget_type=\"text-editor.default\">\n\t\t\t\t\t\t\t\t\t<p>Aqu\u00ed encontrar\u00e1s las bases del concurso: el tema del v\u00eddeo, la duraci\u00f3n m\u00e1xima y el proceso de selecci\u00f3n de los ganadores. L\u00e9elas con atenci\u00f3n para elaborar el video de la mejor manera posible.<\/p>\t\t\t\t\t\t\t\t<\/div>\n\t\t<div class=\"elementor-element elementor-element-c195025 e-con-full e-flex e-con e-child\" data-id=\"c195025\" data-element_type=\"container\" data-e-type=\"container\">\n\t\t\t\t<div class=\"elementor-element elementor-element-9b96571 elementor-widget elementor-widget-button\" data-id=\"9b96571\" data-element_type=\"widget\" data-e-type=\"widget\" data-widget_type=\"button.default\">\n\t\t\t\t\t\t\t\t\t\t<a class=\"elementor-button elementor-button-link elementor-size-sm\" href=\"https:\/\/hispafest.ee\/wp-content\/uploads\/2025\/12\/Bases-concurso-HispaFest-ESP-2026-Video.pdf\">\n\t\t\t\t\t\t<span class=\"elementor-button-content-wrapper\">\n\t\t\t\t\t\t\t\t\t<span class=\"elementor-button-text\">Bases (Castellano)<\/span>\n\t\t\t\t\t<\/span>\n\t\t\t\t\t<\/a>\n\t\t\t\t\t\t\t\t<\/div>\n\t\t\t\t<div class=\"elementor-element elementor-element-2263c0f elementor-widget elementor-widget-button\" data-id=\"2263c0f\" data-element_type=\"widget\" data-e-type=\"widget\" data-widget_type=\"button.default\">\n\t\t\t\t\t\t\t\t\t\t<a class=\"elementor-button elementor-button-link elementor-size-sm\" href=\"https:\/\/hispafest.ee\/wp-content\/uploads\/2025\/12\/Terms-of-the-video-contest-HispaFest-ENG-2026.pdf\">\n\t\t\t\t\t\t<span class=\"elementor-button-content-wrapper\">\n\t\t\t\t\t\t\t\t\t<span class=\"elementor-button-text\">Bases (Ingl\u00e9s)<\/span>\n\t\t\t\t\t<\/span>\n\t\t\t\t\t<\/a>\n\t\t\t\t\t\t\t\t<\/div>\n\t\t\t\t<\/div>\n\t\t\t\t<\/div>\n\t\t<div class=\"elementor-element elementor-element-859325e e-con-full e-flex e-con e-child\" data-id=\"859325e\" data-element_type=\"container\" data-e-type=\"container\" data-settings=\"{&quot;background_background&quot;:&quot;classic&quot;}\">\n\t\t\t\t<div class=\"elementor-element elementor-element-ee440b2 elementor-widget elementor-widget-heading\" data-id=\"ee440b2\" data-element_type=\"widget\" data-e-type=\"widget\" data-widget_type=\"heading.default\">\n\t\t\t\t\t<h2 class=\"elementor-heading-title elementor-size-default\">Lugar del evento\n<\/h2>\t\t\t\t<\/div>\n\t\t\t\t<div class=\"elementor-element elementor-element-83912fd elementor-widget elementor-widget-text-editor\" data-id=\"83912fd\" data-element_type=\"widget\" data-e-type=\"widget\" data-widget_type=\"text-editor.default\">\n\t\t\t\t\t\t\t\t\t<p>Te esperamos en la Biblioteca Nacional de Tallin (T\u00f5nism\u00e4gi 2, 10102 Tallinn, Estonia) para la gran celebraci\u00f3n de Hispafest, donde se organizar\u00e1n actividades, se proyectar\u00e1n los v\u00eddeos y se anunciar\u00e1n los ganadores. Ser\u00e1 un d\u00eda lleno de diversi\u00f3n, aplausos, inspiraci\u00f3n\u2026 \u00a1y paella! \u00a1No te lo puedes perder!<\/p>\t\t\t\t\t\t\t\t<\/div>\n\t\t\t\t<\/div>\n\t\t\t\t<\/div>\n\t\t\t\t\t<\/div>\n\t\t\t\t<\/div>\n\t\t\t\t<\/div>\n\t\t","protected":false},"excerpt":{"rendered":"<p>Formulario de Participaci\u00f3n en el concurso de v\u00eddeos Plazo de inscripci\u00f3n Re\u00fanete con tus amigos, piensa una idea creativa sobre el ODS 5: \u201cIgualdad de g\u00e9nero\u201d, y graba un v\u00eddeo divertido y educativo en espa\u00f1ol. El plazo de inscripci\u00f3n ya est\u00e1 abierto, as\u00ed que recuerda que tu centro educativo debe inscribirse antes del 24 de [&hellip;]<\/p>\n","protected":false},"author":2,"featured_media":0,"parent":0,"menu_order":0,"comment_status":"closed","ping_status":"closed","template":"","meta":{"footnotes":""},"class_list":["post-21","page","type-page","status-publish","hentry"],"yoast_head":"<!-- This site is optimized with the Yoast SEO plugin v27.6 - https:\/\/yoast.com\/product\/yoast-seo-wordpress\/ -->\n<title>Formulario de participaci\u00f3n - Hispafest<\/title>\n<meta name=\"robots\" content=\"index, follow, max-snippet:-1, max-image-preview:large, max-video-preview:-1\" \/>\n<link rel=\"canonical\" href=\"https:\/\/hispafest.ee\/et\/participa\/\" \/>\n<meta property=\"og:locale\" content=\"et_EE\" \/>\n<meta property=\"og:type\" content=\"article\" \/>\n<meta property=\"og:title\" content=\"Formulario de participaci\u00f3n - Hispafest\" \/>\n<meta property=\"og:description\" content=\"Formulario de Participaci\u00f3n en el concurso de v\u00eddeos Plazo de inscripci\u00f3n Re\u00fanete con tus amigos, piensa una idea creativa sobre el ODS 5: \u201cIgualdad de g\u00e9nero\u201d, y graba un v\u00eddeo divertido y educativo en espa\u00f1ol. El plazo de inscripci\u00f3n ya est\u00e1 abierto, as\u00ed que recuerda que tu centro educativo debe inscribirse antes del 24 de [&hellip;]\" \/>\n<meta property=\"og:url\" content=\"https:\/\/hispafest.ee\/et\/participa\/\" \/>\n<meta property=\"og:site_name\" content=\"Hispafest\" \/>\n<meta property=\"article:modified_time\" content=\"2026-02-19T09:31:12+00:00\" \/>\n<meta name=\"twitter:card\" content=\"summary_large_image\" \/>\n<meta name=\"twitter:label1\" content=\"Est. reading time\" \/>\n\t<meta name=\"twitter:data1\" content=\"2 minutit\" \/>\n<script type=\"application\/ld+json\" class=\"yoast-schema-graph\">{\"@context\":\"https:\\\/\\\/schema.org\",\"@graph\":[{\"@type\":\"WebPage\",\"@id\":\"https:\\\/\\\/hispafest.ee\\\/participa\\\/\",\"url\":\"https:\\\/\\\/hispafest.ee\\\/participa\\\/\",\"name\":\"Formulario de participaci\u00f3n - Hispafest\",\"isPartOf\":{\"@id\":\"https:\\\/\\\/hispafest.ee\\\/#website\"},\"datePublished\":\"2025-12-02T15:27:55+00:00\",\"dateModified\":\"2026-02-19T09:31:12+00:00\",\"breadcrumb\":{\"@id\":\"https:\\\/\\\/hispafest.ee\\\/participa\\\/#breadcrumb\"},\"inLanguage\":\"et\",\"potentialAction\":[{\"@type\":\"ReadAction\",\"target\":[\"https:\\\/\\\/hispafest.ee\\\/participa\\\/\"]}]},{\"@type\":\"BreadcrumbList\",\"@id\":\"https:\\\/\\\/hispafest.ee\\\/participa\\\/#breadcrumb\",\"itemListElement\":[{\"@type\":\"ListItem\",\"position\":1,\"name\":\"Portada\",\"item\":\"https:\\\/\\\/hispafest.ee\\\/\"},{\"@type\":\"ListItem\",\"position\":2,\"name\":\"Formulario de participaci\u00f3n\"}]},{\"@type\":\"WebSite\",\"@id\":\"https:\\\/\\\/hispafest.ee\\\/#website\",\"url\":\"https:\\\/\\\/hispafest.ee\\\/\",\"name\":\"Hispafest\",\"description\":\"Concurso de cortometrajes en espa&ntilde;ol para centros escolares de Estonia\",\"publisher\":{\"@id\":\"https:\\\/\\\/hispafest.ee\\\/#organization\"},\"potentialAction\":[{\"@type\":\"SearchAction\",\"target\":{\"@type\":\"EntryPoint\",\"urlTemplate\":\"https:\\\/\\\/hispafest.ee\\\/?s={search_term_string}\"},\"query-input\":{\"@type\":\"PropertyValueSpecification\",\"valueRequired\":true,\"valueName\":\"search_term_string\"}}],\"inLanguage\":\"et\"},{\"@type\":\"Organization\",\"@id\":\"https:\\\/\\\/hispafest.ee\\\/#organization\",\"name\":\"Hispafest\",\"url\":\"https:\\\/\\\/hispafest.ee\\\/\",\"logo\":{\"@type\":\"ImageObject\",\"inLanguage\":\"et\",\"@id\":\"https:\\\/\\\/hispafest.ee\\\/#\\\/schema\\\/logo\\\/image\\\/\",\"url\":\"https:\\\/\\\/hispafest.ee\\\/wp-content\\\/uploads\\\/2025\\\/12\\\/logo-hispafest.webp\",\"contentUrl\":\"https:\\\/\\\/hispafest.ee\\\/wp-content\\\/uploads\\\/2025\\\/12\\\/logo-hispafest.webp\",\"width\":2244,\"height\":2255,\"caption\":\"Hispafest\"},\"image\":{\"@id\":\"https:\\\/\\\/hispafest.ee\\\/#\\\/schema\\\/logo\\\/image\\\/\"}}]}<\/script>\n<!-- \/ Yoast SEO plugin. -->","yoast_head_json":{"title":"Formulario de participaci\u00f3n - Hispafest","robots":{"index":"index","follow":"follow","max-snippet":"max-snippet:-1","max-image-preview":"max-image-preview:large","max-video-preview":"max-video-preview:-1"},"canonical":"https:\/\/hispafest.ee\/et\/participa\/","og_locale":"et_EE","og_type":"article","og_title":"Formulario de participaci\u00f3n - Hispafest","og_description":"Formulario de Participaci\u00f3n en el concurso de v\u00eddeos Plazo de inscripci\u00f3n Re\u00fanete con tus amigos, piensa una idea creativa sobre el ODS 5: \u201cIgualdad de g\u00e9nero\u201d, y graba un v\u00eddeo divertido y educativo en espa\u00f1ol. El plazo de inscripci\u00f3n ya est\u00e1 abierto, as\u00ed que recuerda que tu centro educativo debe inscribirse antes del 24 de [&hellip;]","og_url":"https:\/\/hispafest.ee\/et\/participa\/","og_site_name":"Hispafest","article_modified_time":"2026-02-19T09:31:12+00:00","twitter_card":"summary_large_image","twitter_misc":{"Est. reading time":"2 minutit"},"schema":{"@context":"https:\/\/schema.org","@graph":[{"@type":"WebPage","@id":"https:\/\/hispafest.ee\/participa\/","url":"https:\/\/hispafest.ee\/participa\/","name":"Formulario de participaci\u00f3n - Hispafest","isPartOf":{"@id":"https:\/\/hispafest.ee\/#website"},"datePublished":"2025-12-02T15:27:55+00:00","dateModified":"2026-02-19T09:31:12+00:00","breadcrumb":{"@id":"https:\/\/hispafest.ee\/participa\/#breadcrumb"},"inLanguage":"et","potentialAction":[{"@type":"ReadAction","target":["https:\/\/hispafest.ee\/participa\/"]}]},{"@type":"BreadcrumbList","@id":"https:\/\/hispafest.ee\/participa\/#breadcrumb","itemListElement":[{"@type":"ListItem","position":1,"name":"Portada","item":"https:\/\/hispafest.ee\/"},{"@type":"ListItem","position":2,"name":"Formulario de participaci\u00f3n"}]},{"@type":"WebSite","@id":"https:\/\/hispafest.ee\/#website","url":"https:\/\/hispafest.ee\/","name":"Hispafest","description":"Concurso de cortometrajes en espa&ntilde;ol para centros escolares de Estonia","publisher":{"@id":"https:\/\/hispafest.ee\/#organization"},"potentialAction":[{"@type":"SearchAction","target":{"@type":"EntryPoint","urlTemplate":"https:\/\/hispafest.ee\/?s={search_term_string}"},"query-input":{"@type":"PropertyValueSpecification","valueRequired":true,"valueName":"search_term_string"}}],"inLanguage":"et"},{"@type":"Organization","@id":"https:\/\/hispafest.ee\/#organization","name":"Hispafest","url":"https:\/\/hispafest.ee\/","logo":{"@type":"ImageObject","inLanguage":"et","@id":"https:\/\/hispafest.ee\/#\/schema\/logo\/image\/","url":"https:\/\/hispafest.ee\/wp-content\/uploads\/2025\/12\/logo-hispafest.webp","contentUrl":"https:\/\/hispafest.ee\/wp-content\/uploads\/2025\/12\/logo-hispafest.webp","width":2244,"height":2255,"caption":"Hispafest"},"image":{"@id":"https:\/\/hispafest.ee\/#\/schema\/logo\/image\/"}}]}},"_links":{"self":[{"href":"https:\/\/hispafest.ee\/et\/wp-json\/wp\/v2\/pages\/21","targetHints":{"allow":["GET"]}}],"collection":[{"href":"https:\/\/hispafest.ee\/et\/wp-json\/wp\/v2\/pages"}],"about":[{"href":"https:\/\/hispafest.ee\/et\/wp-json\/wp\/v2\/types\/page"}],"author":[{"embeddable":true,"href":"https:\/\/hispafest.ee\/et\/wp-json\/wp\/v2\/users\/2"}],"replies":[{"embeddable":true,"href":"https:\/\/hispafest.ee\/et\/wp-json\/wp\/v2\/comments?post=21"}],"version-history":[{"count":71,"href":"https:\/\/hispafest.ee\/et\/wp-json\/wp\/v2\/pages\/21\/revisions"}],"predecessor-version":[{"id":300,"href":"https:\/\/hispafest.ee\/et\/wp-json\/wp\/v2\/pages\/21\/revisions\/300"}],"wp:attachment":[{"href":"https:\/\/hispafest.ee\/et\/wp-json\/wp\/v2\/media?parent=21"}],"curies":[{"name":"wp","href":"https:\/\/api.w.org\/{rel}","templated":true}]}}